{"id":875,"date":"2025-03-12T18:25:39","date_gmt":"2025-03-12T17:25:39","guid":{"rendered":"https:\/\/vbe.rmai.cc\/kontakt\/"},"modified":"2025-12-15T12:32:01","modified_gmt":"2025-12-15T11:32:01","slug":"kontakt","status":"publish","type":"page","link":"https:\/\/vbe.academy\/de\/kontakt\/","title":{"rendered":"Kontakt"},"content":{"rendered":"\t\t<div data-elementor-type=\"wp-page\" data-elementor-id=\"875\" class=\"elementor elementor-875 elementor-70\" data-elementor-post-type=\"page\">\n\t\t\t\t<div class=\"elementor-element elementor-element-cd4a839 e-con-full e-flex e-con e-parent\" data-id=\"cd4a839\" data-element_type=\"container\" data-e-type=\"container\" data-settings=\"{&quot;background_background&quot;:&quot;classic&quot;}\">\n\t\t<div class=\"elementor-element elementor-element-1be9e37 e-con-full e-flex e-con e-child\" data-id=\"1be9e37\" data-element_type=\"container\" data-e-type=\"container\">\n\t\t\t\t<div class=\"elementor-element elementor-element-4e7ff13 elementor-widget__width-initial elementor-widget elementor-widget-heading\" data-id=\"4e7ff13\" data-element_type=\"widget\" data-e-type=\"widget\" data-widget_type=\"heading.default\">\n\t\t\t\t<div class=\"elementor-widget-container\">\n\t\t\t\t\t<h1 class=\"elementor-heading-title elementor-size-default\">Vernetzen Sie sich mit uns<\/h1>\t\t\t\t<\/div>\n\t\t\t\t<\/div>\n\t\t\t\t<div class=\"elementor-element elementor-element-d04cc50 elementor-widget__width-initial elementor-widget elementor-widget-text-editor\" data-id=\"d04cc50\" data-element_type=\"widget\" data-e-type=\"widget\" data-widget_type=\"text-editor.default\">\n\t\t\t\t<div class=\"elementor-widget-container\">\n\t\t\t\t\t\t\t\t\t<p>Wir sind f\u00fcr Sie da \u2013 schreiben Sie uns oder buchen Sie ein Kennenlerngespr\u00e4ch.<\/p>\t\t\t\t\t\t\t\t<\/div>\n\t\t\t\t<\/div>\n\t\t\t\t<\/div>\n\t\t<div class=\"elementor-element elementor-element-38e5e14 e-con-full e-flex e-con e-child\" data-id=\"38e5e14\" data-element_type=\"container\" data-e-type=\"container\">\n\t\t\t\t<div class=\"elementor-element elementor-element-8007ccd elementor-widget__width-initial animated-slow elementor-widget-mobile__width-initial elementor-invisible elementor-widget elementor-widget-image\" data-id=\"8007ccd\" data-element_type=\"widget\" data-e-type=\"widget\" data-settings=\"{&quot;_animation&quot;:&quot;fadeIn&quot;}\" data-widget_type=\"image.default\">\n\t\t\t\t<div class=\"elementor-widget-container\">\n\t\t\t\t\t\t\t\t\t\t\t\t\t\t\t<img fetchpriority=\"high\" decoding=\"async\" width=\"2480\" height=\"2233\" src=\"https:\/\/vbe.academy\/wp-content\/uploads\/2025\/12\/communicate-s.webp\" class=\"attachment-full size-full wp-image-5277\" alt=\"\" \/>\t\t\t\t\t\t\t\t\t\t\t\t\t\t\t<\/div>\n\t\t\t\t<\/div>\n\t\t\t\t<\/div>\n\t\t\t\t<\/div>\n\t\t<div class=\"elementor-element elementor-element-09495f9 e-flex e-con-boxed e-con e-parent\" data-id=\"09495f9\" data-element_type=\"container\" data-e-type=\"container\" data-settings=\"{&quot;background_background&quot;:&quot;classic&quot;}\">\n\t\t\t\t\t<div class=\"e-con-inner\">\n\t\t<div class=\"elementor-element elementor-element-cb53bc0 e-con-full e-flex e-con e-child\" data-id=\"cb53bc0\" data-element_type=\"container\" data-e-type=\"container\" data-settings=\"{&quot;background_background&quot;:&quot;classic&quot;}\">\n\t\t<div class=\"elementor-element elementor-element-4839311 e-con-full e-flex e-con e-child\" data-id=\"4839311\" data-element_type=\"container\" data-e-type=\"container\">\n\t\t\t\t<div class=\"elementor-element elementor-element-eea09ed elementor-widget__width-initial elementor-widget elementor-widget-heading\" data-id=\"eea09ed\" data-element_type=\"widget\" data-e-type=\"widget\" data-widget_type=\"heading.default\">\n\t\t\t\t<div class=\"elementor-widget-container\">\n\t\t\t\t\t<h3 class=\"elementor-heading-title elementor-size-default\">Lassen Sie uns sprechen<\/h3>\t\t\t\t<\/div>\n\t\t\t\t<\/div>\n\t\t\t\t<div class=\"elementor-element elementor-element-ed12609 elementor-widget__width-initial elementor-widget elementor-widget-heading\" data-id=\"ed12609\" data-element_type=\"widget\" data-e-type=\"widget\" data-widget_type=\"heading.default\">\n\t\t\t\t<div class=\"elementor-widget-container\">\n\t\t\t\t\t<h3 class=\"elementor-heading-title elementor-size-default\">Buchen Sie einen pers\u00f6nliches Gespr\u00e4ch<\/h3>\t\t\t\t<\/div>\n\t\t\t\t<\/div>\n\t\t\t\t<div class=\"elementor-element elementor-element-28ab165 elementor-widget__width-initial elementor-widget elementor-widget-text-editor\" data-id=\"28ab165\" data-element_type=\"widget\" data-e-type=\"widget\" data-widget_type=\"text-editor.default\">\n\t\t\t\t<div class=\"elementor-widget-container\">\n\t\t\t\t\t\t\t\t\t<p>Vieles kl\u00e4rt sich im Gespr\u00e4ch leichter. W\u00e4hlen Sie einen Termin und sprechen Sie direkt mit unserem Team \u2013 ein kurzer Austausch hilft oft mehr als eine lange E-Mail. <\/p>\t\t\t\t\t\t\t\t<\/div>\n\t\t\t\t<\/div>\n\t\t\t\t<\/div>\n\t\t<div class=\"elementor-element elementor-element-b01046e e-con-full video-col e-flex e-con e-child\" data-id=\"b01046e\" data-element_type=\"container\" data-e-type=\"container\">\n\t\t\t\t<div class=\"elementor-element elementor-element-fc9d231 elementor-widget elementor-widget-html\" data-id=\"fc9d231\" data-element_type=\"widget\" data-e-type=\"widget\" data-widget_type=\"html.default\">\n\t\t\t\t<div class=\"elementor-widget-container\">\n\t\t\t\t\t<!-- Calendly inline widget begin -->\n<div class=\"calendly-inline-widget\" data-url=\"https:\/\/calendly.com\/mariotokarz\/vbe-intro-call-de\" style=\"min-width:320px;height:600px;\"><\/div>\n<script type=\"text\/javascript\" src=\"https:\/\/assets.calendly.com\/assets\/external\/widget.js\" async=\"\"><\/script>\n<!-- Calendly inline widget end -->\t\t\t\t<\/div>\n\t\t\t\t<\/div>\n\t\t\t\t<\/div>\n\t\t\t\t<\/div>\n\t\t\t\t\t<\/div>\n\t\t\t\t<\/div>\n\t\t<div class=\"elementor-element elementor-element-38900d2 e-con-full e-flex e-con e-parent\" data-id=\"38900d2\" data-element_type=\"container\" data-e-type=\"container\" data-settings=\"{&quot;background_background&quot;:&quot;classic&quot;}\">\n\t\t\t\t<div class=\"elementor-element elementor-element-c19050f elementor-widget elementor-widget-shortcode\" data-id=\"c19050f\" data-element_type=\"widget\" data-e-type=\"widget\" data-widget_type=\"shortcode.default\">\n\t\t\t\t<div class=\"elementor-widget-container\">\n\t\t\t\t\t\t\t<div class=\"elementor-shortcode\">\t\t<div data-elementor-type=\"container\" data-elementor-id=\"846\" class=\"elementor elementor-846 elementor-506 elementor-506\" data-elementor-post-type=\"elementor_library\">\n\t\t\t\t<div class=\"elementor-element elementor-element-2f9ba0f e-flex e-con-boxed e-con e-parent\" data-id=\"2f9ba0f\" data-element_type=\"container\" data-e-type=\"container\">\n\t\t\t\t\t<div class=\"e-con-inner\">\n\t\t\t\t<div class=\"elementor-element elementor-element-5efe1c5 elementor-widget__width-inherit elementor-widget elementor-widget-heading\" data-id=\"5efe1c5\" data-element_type=\"widget\" data-e-type=\"widget\" data-widget_type=\"heading.default\">\n\t\t\t\t<div class=\"elementor-widget-container\">\n\t\t\t\t\t<h2 class=\"elementor-heading-title elementor-size-default\">Wie k\u00f6nnen wir helfen? Kontakt aufnehmen<\/h2>\t\t\t\t<\/div>\n\t\t\t\t<\/div>\n\t\t\t\t<div class=\"elementor-element elementor-element-39e2607 elementor-widget__width-initial elementor-widget-tablet__width-inherit elementor-widget elementor-widget-text-editor\" data-id=\"39e2607\" data-element_type=\"widget\" data-e-type=\"widget\" data-widget_type=\"text-editor.default\">\n\t\t\t\t<div class=\"elementor-widget-container\">\n\t\t\t\t\t\t\t\t\t<p>Sie haben eine Frage oder m\u00f6chten mit uns in Kontakt treten? Schreiben Sie uns eine Nachricht \u2013 oder vereinbaren Sie im Kontaktbereich ein pers\u00f6nliches Gespr\u00e4ch. <\/p>\t\t\t\t\t\t\t\t<\/div>\n\t\t\t\t<\/div>\n\t\t\t\t<div class=\"elementor-element elementor-element-36091f46 elementor-button-align-center elementor-widget elementor-widget-form\" data-id=\"36091f46\" data-element_type=\"widget\" data-e-type=\"widget\" data-settings=\"{&quot;step_next_label&quot;:&quot;Vor&quot;,&quot;step_previous_label&quot;:&quot;Zur\\u00fcck&quot;,&quot;step_type&quot;:&quot;none&quot;,&quot;button_width&quot;:&quot;100&quot;,&quot;step_icon_shape&quot;:&quot;circle&quot;}\" data-widget_type=\"form.default\">\n\t\t\t\t<div class=\"elementor-widget-container\">\n\t\t\t\t\t\t\t<form class=\"elementor-form\" method=\"post\" name=\"MessageForm\" aria-label=\"MessageForm\">\n\t\t\t<input type=\"hidden\" name=\"post_id\" value=\"846\"\/>\n\t\t\t<input type=\"hidden\" name=\"form_id\" value=\"36091f46\"\/>\n\t\t\t<input type=\"hidden\" name=\"referer_title\" value=\"VBE Ambassador - VBE Academy\" \/>\n\n\t\t\t\t\t\t\t<input type=\"hidden\" name=\"queried_id\" value=\"4957\"\/>\n\t\t\t\n\t\t\t<div class=\"elementor-form-fields-wrapper elementor-labels-\">\n\t\t\t\t\t\t\t\t<div class=\"elementor-field-type-text elementor-field-group elementor-column elementor-field-group-firstname elementor-col-50 elementor-field-required\">\n\t\t\t\t\t\t\t\t\t\t\t\t<label for=\"form-field-firstname\" class=\"elementor-field-label elementor-screen-only\">\n\t\t\t\t\t\t\t\tVorname*\t\t\t\t\t\t\t<\/label>\n\t\t\t\t\t\t\t\t\t\t\t\t\t\t<input size=\"1\" type=\"text\" name=\"form_fields[firstname]\" id=\"form-field-firstname\" class=\"elementor-field elementor-size-sm  elementor-field-textual\" placeholder=\"Vorname*\" required=\"required\">\n\t\t\t\t\t\t\t\t\t\t\t<\/div>\n\t\t\t\t\t\t\t\t<div class=\"elementor-field-type-text elementor-field-group elementor-column elementor-field-group-lastname elementor-col-50 elementor-field-required\">\n\t\t\t\t\t\t\t\t\t\t\t\t<label for=\"form-field-lastname\" class=\"elementor-field-label elementor-screen-only\">\n\t\t\t\t\t\t\t\tNachname*\t\t\t\t\t\t\t<\/label>\n\t\t\t\t\t\t\t\t\t\t\t\t\t\t<input size=\"1\" type=\"text\" name=\"form_fields[lastname]\" id=\"form-field-lastname\" class=\"elementor-field elementor-size-sm  elementor-field-textual\" placeholder=\"Last Name*\" required=\"required\">\n\t\t\t\t\t\t\t\t\t\t\t<\/div>\n\t\t\t\t\t\t\t\t<div class=\"elementor-field-type-email elementor-field-group elementor-column elementor-field-group-email elementor-col-50 elementor-field-required\">\n\t\t\t\t\t\t\t\t\t\t\t\t<label for=\"form-field-email\" class=\"elementor-field-label elementor-screen-only\">\n\t\t\t\t\t\t\t\tE-Mail*\t\t\t\t\t\t\t<\/label>\n\t\t\t\t\t\t\t\t\t\t\t\t\t\t<input size=\"1\" type=\"email\" name=\"form_fields[email]\" id=\"form-field-email\" class=\"elementor-field elementor-size-sm  elementor-field-textual\" placeholder=\"E-Mail*\" required=\"required\">\n\t\t\t\t\t\t\t\t\t\t\t<\/div>\n\t\t\t\t\t\t\t\t<div class=\"elementor-field-type-tel elementor-field-group elementor-column elementor-field-group-phone elementor-col-50\">\n\t\t\t\t\t\t\t\t\t\t\t\t<label for=\"form-field-phone\" class=\"elementor-field-label elementor-screen-only\">\n\t\t\t\t\t\t\t\tTelefon\t\t\t\t\t\t\t<\/label>\n\t\t\t\t\t\t\t\t<input size=\"1\" type=\"tel\" name=\"form_fields[phone]\" id=\"form-field-phone\" class=\"elementor-field elementor-size-sm  elementor-field-textual\" placeholder=\"Telefon\" pattern=\"[0-9()#&amp;+*-=.]+\" title=\"Nur Nummern oder Telefon-Zeichen (#, -, *, etc) werden akzeptiert.\">\n\n\t\t\t\t\t\t<\/div>\n\t\t\t\t\t\t\t\t<div class=\"elementor-field-type-text elementor-field-group elementor-column elementor-field-group-subject elementor-col-100 elementor-field-required\">\n\t\t\t\t\t\t\t\t\t\t\t\t<label for=\"form-field-subject\" class=\"elementor-field-label elementor-screen-only\">\n\t\t\t\t\t\t\t\tBetreff*\t\t\t\t\t\t\t<\/label>\n\t\t\t\t\t\t\t\t\t\t\t\t\t\t<input size=\"1\" type=\"text\" name=\"form_fields[subject]\" id=\"form-field-subject\" class=\"elementor-field elementor-size-sm  elementor-field-textual\" placeholder=\"Betreff*\" required=\"required\">\n\t\t\t\t\t\t\t\t\t\t\t<\/div>\n\t\t\t\t\t\t\t\t<div class=\"elementor-field-type-textarea elementor-field-group elementor-column elementor-field-group-message elementor-col-100 elementor-field-required\">\n\t\t\t\t\t\t\t\t\t\t\t\t<label for=\"form-field-message\" class=\"elementor-field-label elementor-screen-only\">\n\t\t\t\t\t\t\t\tNachricht*\t\t\t\t\t\t\t<\/label>\n\t\t\t\t\t\t<textarea class=\"elementor-field-textual elementor-field  elementor-size-sm\" name=\"form_fields[message]\" id=\"form-field-message\" rows=\"4\" placeholder=\"Nachricht*\" required=\"required\"><\/textarea>\t\t\t\t<\/div>\n\t\t\t\t\t\t\t\t<div class=\"elementor-field-type-recaptcha_v3 elementor-field-group elementor-column elementor-field-group-field_ec30d9f elementor-col-100 recaptcha_v3-bottomright\">\n\t\t\t\t\t<div class=\"elementor-field\" id=\"form-field-field_ec30d9f\"><div class=\"elementor-g-recaptcha\" data-sitekey=\"6LdcKiMrAAAAAMK6_GoPh2xmEzBF-qIlFV5YglFi\" data-type=\"v3\" data-action=\"Form\" data-badge=\"bottomright\" data-size=\"invisible\"><\/div><\/div>\t\t\t\t<\/div>\n\t\t\t\t\t\t\t\t<div class=\"elementor-field-group elementor-column elementor-field-type-submit elementor-col-100 e-form__buttons\">\n\t\t\t\t\t<button class=\"elementor-button elementor-size-sm\" type=\"submit\">\n\t\t\t\t\t\t<span class=\"elementor-button-content-wrapper\">\n\t\t\t\t\t\t\t\t\t\t\t\t\t\t\t\t\t\t\t\t\t\t<span class=\"elementor-button-text\">ABSENDEN<\/span>\n\t\t\t\t\t\t\t\t\t\t\t\t\t<\/span>\n\t\t\t\t\t<\/button>\n\t\t\t\t<\/div>\n\t\t\t<\/div>\n\t\t<\/form>\n\t\t\t\t\t\t<\/div>\n\t\t\t\t<\/div>\n\t\t\t\t\t<\/div>\n\t\t\t\t<\/div>\n\t\t\t\t<\/div>\n\t\t<\/div>\n\t\t\t\t\t\t<\/div>\n\t\t\t\t<\/div>\n\t\t\t\t<\/div>\n\t\t\t\t<\/div>\n\t\t","protected":false},"excerpt":{"rendered":"<p>Vernetzen Sie sich mit uns Wir sind f\u00fcr Sie da \u2013 schreiben Sie uns oder buchen Sie ein Kennenlerngespr\u00e4ch. Lassen Sie uns sprechen Buchen Sie einen pers\u00f6nliches Gespr\u00e4ch Vieles kl\u00e4rt [&hellip;]<\/p>\n","protected":false},"author":4,"featured_media":0,"parent":0,"menu_order":0,"comment_status":"closed","ping_status":"closed","template":"","meta":{"_acf_changed":false,"footnotes":""},"class_list":["post-875","page","type-page","status-publish","hentry"],"acf":[],"yoast_head":"<!-- This site is optimized with the Yoast SEO Premium plugin v26.8 (Yoast SEO v27.2) - https:\/\/yoast.com\/product\/yoast-seo-premium-wordpress\/ -->\n<title>Kontakt - VBE Academy<\/title>\n<meta name=\"description\" content=\"Nehmen Sie Kontakt zur VBE Academy auf \u2013 f\u00fcr Trainings und Workshops rund um Value-based Engineering in Ihrem Projekt.\" \/>\n<meta name=\"robots\" content=\"index, follow, max-snippet:-1, max-image-preview:large, max-video-preview:-1\" \/>\n<link rel=\"canonical\" href=\"https:\/\/vbe.academy\/de\/kontakt\/\" \/>\n<meta property=\"og:locale\" content=\"de_DE\" \/>\n<meta property=\"og:type\" content=\"article\" \/>\n<meta property=\"og:title\" content=\"Kontakt\" \/>\n<meta property=\"og:description\" content=\"Nehmen Sie Kontakt zur VBE Academy auf \u2013 f\u00fcr Trainings und Workshops rund um Value-based Engineering in Ihrem Projekt.\" \/>\n<meta property=\"og:url\" content=\"https:\/\/vbe.academy\/de\/kontakt\/\" \/>\n<meta property=\"og:site_name\" content=\"VBE Academy\" \/>\n<meta property=\"article:modified_time\" content=\"2025-12-15T11:32:01+00:00\" \/>\n<meta property=\"og:image\" content=\"https:\/\/vbe.academy\/wp-content\/uploads\/2025\/12\/communicate-s.webp\" \/>\n<meta name=\"twitter:card\" content=\"summary_large_image\" \/>\n<meta name=\"twitter:label1\" content=\"Gesch\u00e4tzte Lesezeit\" \/>\n\t<meta name=\"twitter:data1\" content=\"1\u00a0Minute\" \/>\n<script type=\"application\/ld+json\" class=\"yoast-schema-graph\">{\"@context\":\"https:\/\/schema.org\",\"@graph\":[{\"@type\":\"WebPage\",\"@id\":\"https:\/\/vbe.academy\/de\/kontakt\/\",\"url\":\"https:\/\/vbe.academy\/de\/kontakt\/\",\"name\":\"Kontakt - VBE Academy\",\"isPartOf\":{\"@id\":\"https:\/\/vbe.academy\/de\/#website\"},\"primaryImageOfPage\":{\"@id\":\"https:\/\/vbe.academy\/de\/kontakt\/#primaryimage\"},\"image\":{\"@id\":\"https:\/\/vbe.academy\/de\/kontakt\/#primaryimage\"},\"thumbnailUrl\":\"https:\/\/vbe.academy\/wp-content\/uploads\/2025\/12\/communicate-s.webp\",\"datePublished\":\"2025-03-12T17:25:39+00:00\",\"dateModified\":\"2025-12-15T11:32:01+00:00\",\"description\":\"Nehmen Sie Kontakt zur VBE Academy auf \u2013 f\u00fcr Trainings und Workshops rund um Value-based Engineering in Ihrem Projekt.\",\"breadcrumb\":{\"@id\":\"https:\/\/vbe.academy\/de\/kontakt\/#breadcrumb\"},\"inLanguage\":\"de\",\"potentialAction\":[{\"@type\":\"ReadAction\",\"target\":[\"https:\/\/vbe.academy\/de\/kontakt\/\"]}]},{\"@type\":\"ImageObject\",\"inLanguage\":\"de\",\"@id\":\"https:\/\/vbe.academy\/de\/kontakt\/#primaryimage\",\"url\":\"https:\/\/vbe.academy\/wp-content\/uploads\/2025\/12\/communicate-s.webp\",\"contentUrl\":\"https:\/\/vbe.academy\/wp-content\/uploads\/2025\/12\/communicate-s.webp\"},{\"@type\":\"BreadcrumbList\",\"@id\":\"https:\/\/vbe.academy\/de\/kontakt\/#breadcrumb\",\"itemListElement\":[{\"@type\":\"ListItem\",\"position\":1,\"name\":\"Home\",\"item\":\"https:\/\/vbe.academy\/de\/home\/\"},{\"@type\":\"ListItem\",\"position\":2,\"name\":\"Kontakt\"}]},{\"@type\":\"WebSite\",\"@id\":\"https:\/\/vbe.academy\/de\/#website\",\"url\":\"https:\/\/vbe.academy\/de\/\",\"name\":\"VBE Academy\",\"description\":\"Home of the VBE Academy. Find all information on VBE, trainings and how to engage. \",\"publisher\":{\"@id\":\"https:\/\/vbe.academy\/de\/#organization\"},\"potentialAction\":[{\"@type\":\"SearchAction\",\"target\":{\"@type\":\"EntryPoint\",\"urlTemplate\":\"https:\/\/vbe.academy\/de\/?s={search_term_string}\"},\"query-input\":{\"@type\":\"PropertyValueSpecification\",\"valueRequired\":true,\"valueName\":\"search_term_string\"}}],\"inLanguage\":\"de\"},{\"@type\":\"Organization\",\"@id\":\"https:\/\/vbe.academy\/de\/#organization\",\"name\":\"VBE Academy FlexCo\",\"url\":\"https:\/\/vbe.academy\/de\/\",\"logo\":{\"@type\":\"ImageObject\",\"inLanguage\":\"de\",\"@id\":\"https:\/\/vbe.academy\/de\/#\/schema\/logo\/image\/\",\"url\":\"https:\/\/vbe.academy\/wp-content\/uploads\/2025\/08\/cropped-VBE-Logo-Webseite.webp\",\"contentUrl\":\"https:\/\/vbe.academy\/wp-content\/uploads\/2025\/08\/cropped-VBE-Logo-Webseite.webp\",\"width\":350,\"height\":100,\"caption\":\"VBE Academy FlexCo\"},\"image\":{\"@id\":\"https:\/\/vbe.academy\/de\/#\/schema\/logo\/image\/\"}}]}<\/script>\n<!-- \/ Yoast SEO Premium plugin. -->","yoast_head_json":{"title":"Kontakt - VBE Academy","description":"Nehmen Sie Kontakt zur VBE Academy auf \u2013 f\u00fcr Trainings und Workshops rund um Value-based Engineering in Ihrem Projekt.","robots":{"index":"index","follow":"follow","max-snippet":"max-snippet:-1","max-image-preview":"max-image-preview:large","max-video-preview":"max-video-preview:-1"},"canonical":"https:\/\/vbe.academy\/de\/kontakt\/","og_locale":"de_DE","og_type":"article","og_title":"Kontakt","og_description":"Nehmen Sie Kontakt zur VBE Academy auf \u2013 f\u00fcr Trainings und Workshops rund um Value-based Engineering in Ihrem Projekt.","og_url":"https:\/\/vbe.academy\/de\/kontakt\/","og_site_name":"VBE Academy","article_modified_time":"2025-12-15T11:32:01+00:00","og_image":[{"url":"https:\/\/vbe.academy\/wp-content\/uploads\/2025\/12\/communicate-s.webp","type":"","width":"","height":""}],"twitter_card":"summary_large_image","twitter_misc":{"Gesch\u00e4tzte Lesezeit":"1\u00a0Minute"},"schema":{"@context":"https:\/\/schema.org","@graph":[{"@type":"WebPage","@id":"https:\/\/vbe.academy\/de\/kontakt\/","url":"https:\/\/vbe.academy\/de\/kontakt\/","name":"Kontakt - VBE Academy","isPartOf":{"@id":"https:\/\/vbe.academy\/de\/#website"},"primaryImageOfPage":{"@id":"https:\/\/vbe.academy\/de\/kontakt\/#primaryimage"},"image":{"@id":"https:\/\/vbe.academy\/de\/kontakt\/#primaryimage"},"thumbnailUrl":"https:\/\/vbe.academy\/wp-content\/uploads\/2025\/12\/communicate-s.webp","datePublished":"2025-03-12T17:25:39+00:00","dateModified":"2025-12-15T11:32:01+00:00","description":"Nehmen Sie Kontakt zur VBE Academy auf \u2013 f\u00fcr Trainings und Workshops rund um Value-based Engineering in Ihrem Projekt.","breadcrumb":{"@id":"https:\/\/vbe.academy\/de\/kontakt\/#breadcrumb"},"inLanguage":"de","potentialAction":[{"@type":"ReadAction","target":["https:\/\/vbe.academy\/de\/kontakt\/"]}]},{"@type":"ImageObject","inLanguage":"de","@id":"https:\/\/vbe.academy\/de\/kontakt\/#primaryimage","url":"https:\/\/vbe.academy\/wp-content\/uploads\/2025\/12\/communicate-s.webp","contentUrl":"https:\/\/vbe.academy\/wp-content\/uploads\/2025\/12\/communicate-s.webp"},{"@type":"BreadcrumbList","@id":"https:\/\/vbe.academy\/de\/kontakt\/#breadcrumb","itemListElement":[{"@type":"ListItem","position":1,"name":"Home","item":"https:\/\/vbe.academy\/de\/home\/"},{"@type":"ListItem","position":2,"name":"Kontakt"}]},{"@type":"WebSite","@id":"https:\/\/vbe.academy\/de\/#website","url":"https:\/\/vbe.academy\/de\/","name":"VBE Academy","description":"Home of the VBE Academy. Find all information on VBE, trainings and how to engage. ","publisher":{"@id":"https:\/\/vbe.academy\/de\/#organization"},"potentialAction":[{"@type":"SearchAction","target":{"@type":"EntryPoint","urlTemplate":"https:\/\/vbe.academy\/de\/?s={search_term_string}"},"query-input":{"@type":"PropertyValueSpecification","valueRequired":true,"valueName":"search_term_string"}}],"inLanguage":"de"},{"@type":"Organization","@id":"https:\/\/vbe.academy\/de\/#organization","name":"VBE Academy FlexCo","url":"https:\/\/vbe.academy\/de\/","logo":{"@type":"ImageObject","inLanguage":"de","@id":"https:\/\/vbe.academy\/de\/#\/schema\/logo\/image\/","url":"https:\/\/vbe.academy\/wp-content\/uploads\/2025\/08\/cropped-VBE-Logo-Webseite.webp","contentUrl":"https:\/\/vbe.academy\/wp-content\/uploads\/2025\/08\/cropped-VBE-Logo-Webseite.webp","width":350,"height":100,"caption":"VBE Academy FlexCo"},"image":{"@id":"https:\/\/vbe.academy\/de\/#\/schema\/logo\/image\/"}}]}},"_links":{"self":[{"href":"https:\/\/vbe.academy\/de\/wp-json\/wp\/v2\/pages\/875","targetHints":{"allow":["GET"]}}],"collection":[{"href":"https:\/\/vbe.academy\/de\/wp-json\/wp\/v2\/pages"}],"about":[{"href":"https:\/\/vbe.academy\/de\/wp-json\/wp\/v2\/types\/page"}],"author":[{"embeddable":true,"href":"https:\/\/vbe.academy\/de\/wp-json\/wp\/v2\/users\/4"}],"replies":[{"embeddable":true,"href":"https:\/\/vbe.academy\/de\/wp-json\/wp\/v2\/comments?post=875"}],"version-history":[{"count":16,"href":"https:\/\/vbe.academy\/de\/wp-json\/wp\/v2\/pages\/875\/revisions"}],"predecessor-version":[{"id":5559,"href":"https:\/\/vbe.academy\/de\/wp-json\/wp\/v2\/pages\/875\/revisions\/5559"}],"wp:attachment":[{"href":"https:\/\/vbe.academy\/de\/wp-json\/wp\/v2\/media?parent=875"}],"curies":[{"name":"wp","href":"https:\/\/api.w.org\/{rel}","templated":true}]}}