{"id":701,"date":"2025-04-03T15:09:32","date_gmt":"2025-04-03T13:09:32","guid":{"rendered":"https:\/\/vbe.rmai.cc\/agb-fuer-trainings\/"},"modified":"2025-12-07T14:02:59","modified_gmt":"2025-12-07T13:02:59","slug":"agb","status":"publish","type":"page","link":"https:\/\/vbe.academy\/de\/agb\/","title":{"rendered":"AGB f\u00fcr Trainings"},"content":{"rendered":"\t\t<div data-elementor-type=\"wp-page\" data-elementor-id=\"701\" class=\"elementor elementor-701 elementor-697\" data-elementor-post-type=\"page\">\n\t\t\t\t<div class=\"elementor-element elementor-element-7377760 e-flex e-con-boxed e-con e-parent\" data-id=\"7377760\" data-element_type=\"container\" data-e-type=\"container\">\n\t\t\t\t\t<div class=\"e-con-inner\">\n\t\t\t\t<div class=\"elementor-element elementor-element-c3fcdd5 elementor-widget elementor-widget-html\" data-id=\"c3fcdd5\" data-element_type=\"widget\" data-e-type=\"widget\" data-widget_type=\"html.default\">\n\t\t\t\t<div class=\"elementor-widget-container\">\n\t\t\t\t\t<div style=\"color:inherit;\"><ol><li><p><strong>Geltungsbereich<\/strong><br>Diese Teilnahmebedingungen gelten f\u00fcr Trainings und kundenspezifischen Seminare der VBE Academy, nachfolgend \u201eVBE Academy\u201c genannt.<\/p><\/li><li><p><strong>Vertragsschluss<\/strong><br>2.1 Grundlage des Vertragsschlusses ist ein detailliertes und verbindliches Angebot der VBE Academy sowie eine rechtsverbindliche Annahme durch den Kunden oder die Kundin. Beide m\u00fcssen in schriftlicher Form erfolgen. Bei Buchungen \u00fcber die Website stellt weder das Absenden der Buchung noch der Erhalt einer automatisierten Zahlungsbest\u00e4tigung einen verbindlichen Vertragsschluss dar. Der Vertrag kommt erst mit einer ausdr\u00fccklichen Buchungsbest\u00e4tigung durch die VBE Academy zustande.<br>2.2 Gutscheincodes oder andere auf der Website angebotene Rabatte sind grunds\u00e4tzlich nicht kombinierbar. Bei zweckgebundenen Nachl\u00e4ssen \u2013 etwa f\u00fcr Studierende, Akademiker oder gemeinn\u00fctzige Organisationen \u2013 kann ein entsprechender Nachweis verlangt werden. Die VBE Academy beh\u00e4lt sich das Recht vor, die Anwendung eines Gutscheins oder Rabatts abzulehnen, wenn die erforderlichen Bedingungen nicht erf\u00fcllt sind.    <\/p>\n<\/p><\/li><li><p><strong>R\u00fccktritt<\/strong><br>Ein R\u00fccktritt hat in Textform zu erfolgen. F\u00fcr die Rechtzeitigkeit des R\u00fccktritts ist der Eingang der Erkl\u00e4rung beim Erkl\u00e4rungsempf\u00e4nger ma\u00dfgeblich.<\/p><p>3.1 <strong>R\u00fccktritt des Auftraggebers<\/strong><br>Ein R\u00fccktritt vom Vertrag ist bis sp\u00e4testens vier Wochen vor Beginn des Seminars m\u00f6glich. In diesem Fall beh\u00e4lt sich die VBE Academy das Recht vor, dem Auftraggeber die bis zu diesem Zeitpunkt angefallenen Vorbereitungskosten in Rechnung zu stellen. Erfolgt der R\u00fccktritt bis sp\u00e4testens 14 Tage vor Seminarbeginn, werden 50\u202f% des vereinbarten Gesamtpreises als Stornogeb\u00fchr f\u00e4llig. Bei einem R\u00fccktritt weniger als 14 Tage vor Seminarbeginn ist der volle Seminarpreis zu zahlen. Die Benennung eines geeigneten Ersatzteilnehmers ist m\u00f6glich und bedarf der Zustimmung durch VBE Academy. Ein R\u00fccktritt aus wichtigem Grund bleibt hiervon unber\u00fchrt.     <\/p><p>3.2 <strong>R\u00fccktritt der VBE Academy<br><\/strong>VBE Academy beh\u00e4lt sich den R\u00fccktritt vom Vertrag aus Gr\u00fcnden, die sie nicht zu vertreten hat, z. B. kurzfristiger Ausfall des Dozenten, geringer Anmeldungsstand oder technischer Gr\u00fcnde, vor. Vor Aus\u00fcbung dieses R\u00fccktrittsrechts wird VBE Academy versuchen, andere geeignete Mitarbeiter mit der Durchf\u00fchrung zu betrauen oder diese auf einen anderen Termin zu verlegen, sofern die M\u00f6glichkeit dazu besteht und der Auftraggeber einverstanden ist. Solche Ver\u00e4nderungen werden dem Auftraggeber unverz\u00fcglich mitgeteilt. Tritt VBE Academy weniger als 7 Tage vor dem vereinbarten Beginn des Seminars zur\u00fcck, so werden dem Auftraggeber seine bis dahin nachweislich hierf\u00fcr angefallenen Kosten erstattet, soweit VBE Academy die Gr\u00fcnde f\u00fcr den R\u00fccktritt schuldhaft verursacht hat.   <\/p><\/li><li><p><strong>K\u00fcndigung<br><\/strong>Das beiderseitige Recht zur au\u00dferordentlichen K\u00fcndigung aus wichtigem Grund w\u00e4hrend eines mehrt\u00e4gigen Seminars bleibt unber\u00fchrt. Eine K\u00fcndigung hat in Schriftform zu erfolgen. <\/p><\/li><li><p><strong>Zahlungsbedingungen<br><\/strong>5.1 F\u00fcr Seminare und sonstige Leistungen gelten die im Vertrag vereinbarten Preise.<br>5.2 Alle Preise sind Nettopreise, zuz\u00fcglich der anfallenden gesetzlichen Mehrwertsteuer.<br>5.3 Die Rechnungsstellung bei einzelnen Seminaren erfolgt unverz\u00fcglich nach Leistungserbringung. Die VBE Academy beh\u00e4lt sich vor, die Zahlung auch per Vorauskasse zu verlangen.<br>5.4 Bei Projekten \u00fcber einen l\u00e4ngeren Zeitraum (l\u00e4nger als 3 Monate) wird die Leistung monatlich abgerechnet. Basis f\u00fcr die Rechnungsstellung sind die vom Auftraggeber gegengezeichneten Leistungsnachweise bzw. die Terminliste der durchgef\u00fchrten Seminare.<br>5.5 Die Seminargeb\u00fchren werden sofort nach Erhalt der Rechnung ohne Abzug f\u00e4llig.<br>5.6 Verzug tritt 30 Tage nach Rechnungserhalt ein. Ab diesem Zeitpunkt sind r\u00fcckst\u00e4ndige Rechnungsbetr\u00e4ge mit 8 % \u00fcber dem zu diesem Zeitpunkt geltenden Basiszinssatz zu verzinsen.   <\/p><\/li><li><p><strong>Mitwirkungspflichten des Auftraggebers<br><\/strong>6.1 F\u00fchrt VBE Academy die vereinbarten Seminare im Betrieb des Auftraggebers durch, so stellt dieser angemessen ausgestattete Schulungsr\u00e4ume unentgeltlich zur Verf\u00fcgung.<br>6.2 Technische Voraussetzungen, die zur Erbringung der vereinbarten Leistung im Betrieb des Auftraggebers n\u00f6tig sind, wird dieser, soweit nicht anders vereinbart, sp\u00e4testens zu Beginn des Seminars auf eigene Rechnung funktionsf\u00e4hig bereitstellen. VBE Academy wird dem Auftraggeber Art und Umfang der technischen Voraussetzungen rechtzeitig bekannt geben. VBE Academy ist \u00fcber das eigene Qualit\u00e4tsmanagementsystem verpflichtet, diese beigestellten Ausr\u00fcstungen auf ihre Tauglichkeit zu pr\u00fcfen.<br>6.3 Werden bei Seminaren Ressourcen des Auftraggebers genutzt, obliegt es dem Auftraggeber, geeignete und ausreichende Sicherungsma\u00dfnahmen zum Schutz vor Verlust, Zerst\u00f6rung oder Besch\u00e4digung vorzunehmen.<br>6.4 Der Auftraggeber ist verpflichtet, seine an den Seminaren teilnehmenden Mitarbeiter\/-innen darauf hinzuweisen, die am Veranstaltungsort g\u00fcltigen Sicherheitsbestimmungen bzw. die Haus-\/Institutsordnung einzuhalten.   <\/p><\/li><li><p><strong>Rechte an den Seminarunterlagen<br><\/strong>Alle ausgegebenen Arbeitsunterlagen sind urheberrechtlich gesch\u00fctzt. Sie werden exklusiv den Teilnehmern\/Teilnehmerinnen eines Seminars zur Verf\u00fcgung gestellt. Alle Rechte, auch die der \u00dcbersetzung, des Nachdrucks und der Vervielf\u00e4ltigung der Unterlagen oder von Teilen daraus beh\u00e4lt sich VBE Academy vor. Soweit nicht anders auf der jeweiligen Unterlage vermerkt, darf kein Teil von Unterlage, auch auszugsweise, ohne die schriftliche Genehmigung von VBE Academy in irgendeiner Form, auch nicht zum Zwecke der Unterrichtsgestaltung, reproduziert, insbesondere unter Verwendung elektronischer Systeme verarbeitet, vervielf\u00e4ltigt, verbreitet oder zu \u00f6ffentlicher Wiedergabe, benutzt werden.   <\/p><\/li><li><p><strong>Verwendung von Daten der Teilnehmer\/-innen<br><\/strong>Die \u00fcbermittelten Daten der Teilnehmer\/-innen werden im Rahmen der Rechtsvorschriften zum Datenschutz von VBE Academy zweckgebunden verarbeitet. Das n\u00e4her regelt die Datenschutz-Policy. <\/p><\/li><li><p><strong>Haftung<br><\/strong>VBE Academy haftet nicht f\u00fcr Sch\u00e4den, die durch Unf\u00e4lle und\/oder durch Verlust oder Diebstahl von in die Schulungsr\u00e4ume\/Schulungsgel\u00e4nde eingebrachten Sachen, insbesondere Garderobe oder Wertgegenst\u00e4nde, entstehen. Bei von VBE Academy zu vertretenden Sch\u00e4den, gleich aus welchem Rechtsgrund, haftet diese nur bei Vorsatz und grober Fahrl\u00e4ssigkeit. Dies gilt nicht f\u00fcr Sch\u00e4den an Leben, K\u00f6rper oder Gesundheit.  <\/p><\/li><li><p><strong>Erf\u00fcllungsort<br><\/strong>F\u00fcr s\u00e4mtliche Anspr\u00fcche aus dem Vertrag ist Erf\u00fcllungsort der Veranstaltungsort.<\/p><\/li><li><p><strong>Gerichtsstand<br><\/strong>11.1 Der Gerichtsstand f\u00fcr s\u00e4mtliche Streitigkeiten ist der Sitz von VBE Academy, soweit der Auftraggeber Kaufmann im Sinne des UGB, juristische Person des \u00f6ffentlichen Rechts oder \u00f6ffentlich-rechtlichen Sonderverm\u00f6gens ist oder Anspr\u00fcche im Wege des Mahnverfahrens geltend gemacht werden.<br>11.2 Der gleiche Gerichtsstand gilt, wenn der Auftraggeber keinen allgemeinen Gerichtsstand im Inland hat, nach Vertragsschluss seinen Wohnsitz oder gew\u00f6hnlichen Aufenthaltsort aus dem Inland verlegt oder sein Wohnsitz oder gew\u00f6hnlicher Aufenthaltsort zum Zeitpunkt der Klageerhebung nicht bekannt ist.<br><br><br>11.3 Im \u00dcbrigen gilt bei s\u00e4mtlichen Anspr\u00fcchen von VBE Academy gegen den Auftraggeber, soweit er Nichtkaufmann ist, dessen Wohnsitz als Gerichtsstand.<\/p><\/li><li><p><strong>Vertragsgestaltung<br><\/strong>12.1 F\u00fcr die Beziehung zwischen den Vertragspartnern ist allein der Vertrag verbindlich. Individualabsprachen m\u00fcssen schriftlich best\u00e4tigt werden.<br>12.2 M\u00fcndliche Zusagen oder Vereinbarungen \u00fcber die Entbehrlichkeit der Schriftform sind unwirksam.<br>12.3 Im Zweifel einer streitigen Auslegung ist die <a href=\"https:\/\/vbe.academy\/de\/agb\/\">deutsche Version<\/a> dieser AGB verbindlich.<br>12.4 Auf das Vertragsverh\u00e4ltnis findet \u00d6sterreichisches Recht Anwendung. Das einheitliche UN-Kaufrecht ist ausgeschlossen.The United Nations Convention on Contracts for the International Sale of Goods (CISG) is excluded.<\/p><\/li><\/ol><\/div>\t\t\t\t<\/div>\n\t\t\t\t<\/div>\n\t\t\t\t<div class=\"elementor-element elementor-element-234475a elementor-widget elementor-widget-text-editor\" data-id=\"234475a\" data-element_type=\"widget\" data-e-type=\"widget\" data-widget_type=\"text-editor.default\">\n\t\t\t\t<div class=\"elementor-widget-container\">\n\t\t\t\t\t\t\t\t\t<p>V.1.1 &#8211; 20. Juni 2025<\/p>\t\t\t\t\t\t\t\t<\/div>\n\t\t\t\t<\/div>\n\t\t\t\t\t<\/div>\n\t\t\t\t<\/div>\n\t\t\t\t<\/div>\n\t\t","protected":false},"excerpt":{"rendered":"<p>GeltungsbereichDiese Teilnahmebedingungen gelten f\u00fcr Trainings und kundenspezifischen Seminare der VBE Academy, nachfolgend \u201eVBE Academy\u201c genannt. Vertragsschluss2.1 Grundlage des Vertragsschlusses ist ein detailliertes und verbindliches Angebot der VBE Academy sowie eine [&hellip;]<\/p>\n","protected":false},"author":4,"featured_media":0,"parent":0,"menu_order":0,"comment_status":"closed","ping_status":"closed","template":"","meta":{"_acf_changed":false,"footnotes":""},"class_list":["post-701","page","type-page","status-publish","hentry"],"acf":[],"yoast_head":"<!-- This site is optimized with the Yoast SEO Premium plugin v26.8 (Yoast SEO v27.2) - https:\/\/yoast.com\/product\/yoast-seo-premium-wordpress\/ -->\n<title>AGB f\u00fcr Trainings - VBE Academy<\/title>\n<meta name=\"robots\" content=\"noindex, follow\" \/>\n<meta property=\"og:locale\" content=\"de_DE\" \/>\n<meta property=\"og:type\" content=\"article\" \/>\n<meta property=\"og:title\" content=\"AGB f\u00fcr Trainings\" \/>\n<meta property=\"og:description\" content=\"GeltungsbereichDiese Teilnahmebedingungen gelten f\u00fcr Trainings und kundenspezifischen Seminare der VBE Academy, nachfolgend \u201eVBE Academy\u201c genannt. Vertragsschluss2.1 Grundlage des Vertragsschlusses ist ein detailliertes und verbindliches Angebot der VBE Academy sowie eine [&hellip;]\" \/>\n<meta property=\"og:url\" content=\"https:\/\/vbe.academy\/de\/agb\/\" \/>\n<meta property=\"og:site_name\" content=\"VBE Academy\" \/>\n<meta property=\"article:modified_time\" content=\"2025-12-07T13:02:59+00:00\" \/>\n<meta name=\"twitter:card\" content=\"summary_large_image\" \/>\n<meta name=\"twitter:label1\" content=\"Gesch\u00e4tzte Lesezeit\" \/>\n\t<meta name=\"twitter:data1\" content=\"5\u00a0Minuten\" \/>\n<script type=\"application\/ld+json\" class=\"yoast-schema-graph\">{\"@context\":\"https:\/\/schema.org\",\"@graph\":[{\"@type\":\"WebPage\",\"@id\":\"https:\/\/vbe.academy\/de\/agb\/\",\"url\":\"https:\/\/vbe.academy\/de\/agb\/\",\"name\":\"AGB f\u00fcr Trainings - VBE Academy\",\"isPartOf\":{\"@id\":\"https:\/\/vbe.academy\/de\/#website\"},\"datePublished\":\"2025-04-03T13:09:32+00:00\",\"dateModified\":\"2025-12-07T13:02:59+00:00\",\"breadcrumb\":{\"@id\":\"https:\/\/vbe.academy\/de\/agb\/#breadcrumb\"},\"inLanguage\":\"de\",\"potentialAction\":[{\"@type\":\"ReadAction\",\"target\":[\"https:\/\/vbe.academy\/de\/agb\/\"]}]},{\"@type\":\"BreadcrumbList\",\"@id\":\"https:\/\/vbe.academy\/de\/agb\/#breadcrumb\",\"itemListElement\":[{\"@type\":\"ListItem\",\"position\":1,\"name\":\"Home\",\"item\":\"https:\/\/vbe.academy\/de\/home\/\"},{\"@type\":\"ListItem\",\"position\":2,\"name\":\"AGB f\u00fcr Trainings\"}]},{\"@type\":\"WebSite\",\"@id\":\"https:\/\/vbe.academy\/de\/#website\",\"url\":\"https:\/\/vbe.academy\/de\/\",\"name\":\"VBE Academy\",\"description\":\"Home of the VBE Academy. Find all information on VBE, trainings and how to engage. \",\"publisher\":{\"@id\":\"https:\/\/vbe.academy\/de\/#organization\"},\"potentialAction\":[{\"@type\":\"SearchAction\",\"target\":{\"@type\":\"EntryPoint\",\"urlTemplate\":\"https:\/\/vbe.academy\/de\/?s={search_term_string}\"},\"query-input\":{\"@type\":\"PropertyValueSpecification\",\"valueRequired\":true,\"valueName\":\"search_term_string\"}}],\"inLanguage\":\"de\"},{\"@type\":\"Organization\",\"@id\":\"https:\/\/vbe.academy\/de\/#organization\",\"name\":\"VBE Academy FlexCo\",\"url\":\"https:\/\/vbe.academy\/de\/\",\"logo\":{\"@type\":\"ImageObject\",\"inLanguage\":\"de\",\"@id\":\"https:\/\/vbe.academy\/de\/#\/schema\/logo\/image\/\",\"url\":\"https:\/\/vbe.academy\/wp-content\/uploads\/2025\/08\/cropped-VBE-Logo-Webseite.webp\",\"contentUrl\":\"https:\/\/vbe.academy\/wp-content\/uploads\/2025\/08\/cropped-VBE-Logo-Webseite.webp\",\"width\":350,\"height\":100,\"caption\":\"VBE Academy FlexCo\"},\"image\":{\"@id\":\"https:\/\/vbe.academy\/de\/#\/schema\/logo\/image\/\"}}]}<\/script>\n<!-- \/ Yoast SEO Premium plugin. -->","yoast_head_json":{"title":"AGB f\u00fcr Trainings - VBE Academy","robots":{"index":"noindex","follow":"follow"},"og_locale":"de_DE","og_type":"article","og_title":"AGB f\u00fcr Trainings","og_description":"GeltungsbereichDiese Teilnahmebedingungen gelten f\u00fcr Trainings und kundenspezifischen Seminare der VBE Academy, nachfolgend \u201eVBE Academy\u201c genannt. Vertragsschluss2.1 Grundlage des Vertragsschlusses ist ein detailliertes und verbindliches Angebot der VBE Academy sowie eine [&hellip;]","og_url":"https:\/\/vbe.academy\/de\/agb\/","og_site_name":"VBE Academy","article_modified_time":"2025-12-07T13:02:59+00:00","twitter_card":"summary_large_image","twitter_misc":{"Gesch\u00e4tzte Lesezeit":"5\u00a0Minuten"},"schema":{"@context":"https:\/\/schema.org","@graph":[{"@type":"WebPage","@id":"https:\/\/vbe.academy\/de\/agb\/","url":"https:\/\/vbe.academy\/de\/agb\/","name":"AGB f\u00fcr Trainings - VBE Academy","isPartOf":{"@id":"https:\/\/vbe.academy\/de\/#website"},"datePublished":"2025-04-03T13:09:32+00:00","dateModified":"2025-12-07T13:02:59+00:00","breadcrumb":{"@id":"https:\/\/vbe.academy\/de\/agb\/#breadcrumb"},"inLanguage":"de","potentialAction":[{"@type":"ReadAction","target":["https:\/\/vbe.academy\/de\/agb\/"]}]},{"@type":"BreadcrumbList","@id":"https:\/\/vbe.academy\/de\/agb\/#breadcrumb","itemListElement":[{"@type":"ListItem","position":1,"name":"Home","item":"https:\/\/vbe.academy\/de\/home\/"},{"@type":"ListItem","position":2,"name":"AGB f\u00fcr Trainings"}]},{"@type":"WebSite","@id":"https:\/\/vbe.academy\/de\/#website","url":"https:\/\/vbe.academy\/de\/","name":"VBE Academy","description":"Home of the VBE Academy. Find all information on VBE, trainings and how to engage. ","publisher":{"@id":"https:\/\/vbe.academy\/de\/#organization"},"potentialAction":[{"@type":"SearchAction","target":{"@type":"EntryPoint","urlTemplate":"https:\/\/vbe.academy\/de\/?s={search_term_string}"},"query-input":{"@type":"PropertyValueSpecification","valueRequired":true,"valueName":"search_term_string"}}],"inLanguage":"de"},{"@type":"Organization","@id":"https:\/\/vbe.academy\/de\/#organization","name":"VBE Academy FlexCo","url":"https:\/\/vbe.academy\/de\/","logo":{"@type":"ImageObject","inLanguage":"de","@id":"https:\/\/vbe.academy\/de\/#\/schema\/logo\/image\/","url":"https:\/\/vbe.academy\/wp-content\/uploads\/2025\/08\/cropped-VBE-Logo-Webseite.webp","contentUrl":"https:\/\/vbe.academy\/wp-content\/uploads\/2025\/08\/cropped-VBE-Logo-Webseite.webp","width":350,"height":100,"caption":"VBE Academy FlexCo"},"image":{"@id":"https:\/\/vbe.academy\/de\/#\/schema\/logo\/image\/"}}]}},"_links":{"self":[{"href":"https:\/\/vbe.academy\/de\/wp-json\/wp\/v2\/pages\/701","targetHints":{"allow":["GET"]}}],"collection":[{"href":"https:\/\/vbe.academy\/de\/wp-json\/wp\/v2\/pages"}],"about":[{"href":"https:\/\/vbe.academy\/de\/wp-json\/wp\/v2\/types\/page"}],"author":[{"embeddable":true,"href":"https:\/\/vbe.academy\/de\/wp-json\/wp\/v2\/users\/4"}],"replies":[{"embeddable":true,"href":"https:\/\/vbe.academy\/de\/wp-json\/wp\/v2\/comments?post=701"}],"version-history":[{"count":10,"href":"https:\/\/vbe.academy\/de\/wp-json\/wp\/v2\/pages\/701\/revisions"}],"predecessor-version":[{"id":5554,"href":"https:\/\/vbe.academy\/de\/wp-json\/wp\/v2\/pages\/701\/revisions\/5554"}],"wp:attachment":[{"href":"https:\/\/vbe.academy\/de\/wp-json\/wp\/v2\/media?parent=701"}],"curies":[{"name":"wp","href":"https:\/\/api.w.org\/{rel}","templated":true}]}}